{"id":111,"date":"2023-06-03T10:01:19","date_gmt":"2023-06-03T10:01:19","guid":{"rendered":"https:\/\/green-bitcoin.farm\/?page_id=111"},"modified":"2024-03-08T12:53:07","modified_gmt":"2024-03-08T12:53:07","slug":"impressum","status":"publish","type":"page","link":"https:\/\/green-bitcoin.farm\/es\/impressum\/","title":{"rendered":"Pie de imprenta"},"content":{"rendered":"<div data-elementor-type=\"wp-page\" data-elementor-id=\"111\" class=\"elementor elementor-111\" data-elementor-settings=\"{&quot;element_pack_global_tooltip_width&quot;:{&quot;unit&quot;:&quot;px&quot;,&quot;size&quot;:&quot;&quot;,&quot;sizes&quot;:[]},&quot;element_pack_global_tooltip_width_tablet&quot;:{&quot;unit&quot;:&quot;px&quot;,&quot;size&quot;:&quot;&quot;,&quot;sizes&quot;:[]},&quot;element_pack_global_tooltip_width_mobile&quot;:{&quot;unit&quot;:&quot;px&quot;,&quot;size&quot;:&quot;&quot;,&quot;sizes&quot;:[]},&quot;element_pack_global_tooltip_padding&quot;:{&quot;unit&quot;:&quot;px&quot;,&quot;top&quot;:&quot;&quot;,&quot;right&quot;:&quot;&quot;,&quot;bottom&quot;:&quot;&quot;,&quot;left&quot;:&quot;&quot;,&quot;isLinked&quot;:true},&quot;element_pack_global_tooltip_padding_tablet&quot;:{&quot;unit&quot;:&quot;px&quot;,&quot;top&quot;:&quot;&quot;,&quot;right&quot;:&quot;&quot;,&quot;bottom&quot;:&quot;&quot;,&quot;left&quot;:&quot;&quot;,&quot;isLinked&quot;:true},&quot;element_pack_global_tooltip_padding_mobile&quot;:{&quot;unit&quot;:&quot;px&quot;,&quot;top&quot;:&quot;&quot;,&quot;right&quot;:&quot;&quot;,&quot;bottom&quot;:&quot;&quot;,&quot;left&quot;:&quot;&quot;,&quot;isLinked&quot;:true},&quot;element_pack_global_tooltip_border_radius&quot;:{&quot;unit&quot;:&quot;px&quot;,&quot;top&quot;:&quot;&quot;,&quot;right&quot;:&quot;&quot;,&quot;bottom&quot;:&quot;&quot;,&quot;left&quot;:&quot;&quot;,&quot;isLinked&quot;:true},&quot;element_pack_global_tooltip_border_radius_tablet&quot;:{&quot;unit&quot;:&quot;px&quot;,&quot;top&quot;:&quot;&quot;,&quot;right&quot;:&quot;&quot;,&quot;bottom&quot;:&quot;&quot;,&quot;left&quot;:&quot;&quot;,&quot;isLinked&quot;:true},&quot;element_pack_global_tooltip_border_radius_mobile&quot;:{&quot;unit&quot;:&quot;px&quot;,&quot;top&quot;:&quot;&quot;,&quot;right&quot;:&quot;&quot;,&quot;bottom&quot;:&quot;&quot;,&quot;left&quot;:&quot;&quot;,&quot;isLinked&quot;:true}}\" data-elementor-post-type=\"page\">\n\t\t\t\t\t\t<section class=\"elementor-section elementor-top-section elementor-element elementor-element-14976417 elementor-section-boxed elementor-section-height-default elementor-section-height-default\" data-id=\"14976417\" data-element_type=\"section\" data-e-type=\"section\">\n\t\t\t\t\t\t<div class=\"elementor-container elementor-column-gap-default\">\n\t\t\t\t\t<div class=\"elementor-column elementor-col-100 elementor-top-column elementor-element elementor-element-4224bd70\" data-id=\"4224bd70\" data-element_type=\"column\" data-e-type=\"column\">\n\t\t\t<div class=\"elementor-widget-wrap elementor-element-populated\">\n\t\t\t\t\t\t<div class=\"elementor-element elementor-element-67a521d8 elementor-widget__width-initial elementor-widget elementor-widget-text-editor\" data-id=\"67a521d8\" data-element_type=\"widget\" data-e-type=\"widget\" data-widget_type=\"text-editor.default\">\n\t\t\t\t\t\t\t\t\t<p><\/p>\n<p><span style=\"font-weight: 400;\"><br><\/span><\/p>\n<p><span style=\"font-weight: 400;\"><br><\/span><\/p>\n<p><span style=\"color: var(--uicore-typography--p-c,&quot;#070707&quot;); font-family: var(--uicore-typography--p-f,&quot;Inter&quot;); font-size: inherit; font-style: var(--uicore-typography--p-st,&quot;normal&quot;); letter-spacing: var(--uicore-typography--p-ls,&quot;-0.027em&quot;); text-transform: var(--uicore-typography--p-t,&quot;none&quot;); font-weight: var(--uicore-typography--p-w,&quot;600&quot;);\">Esta p\u00e1gina es un proyecto del:<\/span><\/p>\n<p><b>X24seven FZCO<br><\/b><span style=\"font-size: inherit; color: var(--uicore-typography--p-c,&quot;#070707&quot;); font-family: var(--uicore-typography--p-f,&quot;Inter&quot;); font-style: var(--uicore-typography--p-st,&quot;normal&quot;); letter-spacing: var(--uicore-typography--p-ls,&quot;-0.027em&quot;); text-transform: var(--uicore-typography--p-t,&quot;none&quot;);\">Oasis de silicio<br><\/span><span style=\"font-size: inherit; color: var(--uicore-typography--p-c,&quot;#070707&quot;); font-family: var(--uicore-typography--p-f,&quot;Inter&quot;); font-style: var(--uicore-typography--p-st,&quot;normal&quot;); letter-spacing: var(--uicore-typography--p-ls,&quot;-0.027em&quot;); text-transform: var(--uicore-typography--p-t,&quot;none&quot;);\">Parque empresarial IFZA A2<br><\/span><span style=\"font-size: inherit; color: var(--uicore-typography--p-c,&quot;#070707&quot;); font-family: var(--uicore-typography--p-f,&quot;Inter&quot;); font-style: var(--uicore-typography--p-st,&quot;normal&quot;); letter-spacing: var(--uicore-typography--p-ls,&quot;-0.027em&quot;); text-transform: var(--uicore-typography--p-t,&quot;none&quot;);\">342001 Dubai U.A.E.<br><\/span><span style=\"font-size: inherit; color: var(--uicore-typography--p-c,&quot;#070707&quot;); font-family: var(--uicore-typography--p-f,&quot;Inter&quot;); font-style: var(--uicore-typography--p-st,&quot;normal&quot;); letter-spacing: var(--uicore-typography--p-ls,&quot;-0.027em&quot;); text-transform: var(--uicore-typography--p-t,&quot;none&quot;);\">hello@green-bitcoin.farm<\/span><\/p>\n<p><span style=\"font-size: inherit; color: var(--uicore-typography--p-c,&quot;#070707&quot;); font-family: var(--uicore-typography--p-f,&quot;Inter&quot;); font-style: var(--uicore-typography--p-st,&quot;normal&quot;); letter-spacing: var(--uicore-typography--p-ls,&quot;-0.027em&quot;); text-transform: var(--uicore-typography--p-t,&quot;none&quot;);\">Responsable del contenido de este sitio web: X24seven FZCO Dubai<\/span><br><\/p>\n<p><span style=\"font-weight: 400;\">Persona de contacto: Sr. Angelo Franke<\/span><\/p>\n<p><b>Cl\u00e1usula de exenci\u00f3n de responsabilidad \/ Condiciones generales<\/b><\/p>\n<ol>\n<li><b> Contenido de la oferta en l\u00ednea<\/b><span style=\"font-weight: 400;\"><br><\/span><span style=\"font-weight: 400;\">El autor no asume ninguna responsabilidad por la actualidad, exactitud, integridad o calidad de la informaci\u00f3n facilitada. Quedan excluidas fundamentalmente las reclamaciones de responsabilidad contra el autor relativas a da\u00f1os materiales o inmateriales causados por el uso o no uso de la informaci\u00f3n facilitada o por el uso de informaci\u00f3n incorrecta o incompleta, a menos que existan pruebas de dolo o negligencia grave por parte del autor. El autor se reserva expresamente el derecho a modificar, completar o eliminar partes de las p\u00e1ginas o la oferta completa sin previo aviso o a suspender la publicaci\u00f3n temporal o definitivamente.<\/span><\/li>\n<li><b> Referencias y enlaces<\/b><span style=\"font-weight: 400;\"><br><\/span><span style=\"font-weight: 400;\">En el caso de referencias directas o indirectas a p\u00e1ginas web externas (\"hiperv\u00ednculos\") que se encuentren fuera del \u00e1mbito de responsabilidad del autor, s\u00f3lo entrar\u00eda en vigor una obligaci\u00f3n de responsabilidad en el caso de que el autor tuviera conocimiento de los contenidos y le fuera t\u00e9cnicamente posible y razonable impedir el uso en caso de contenidos ilegales. Por la presente, el autor declara expresamente que en el momento de crear los enlaces no era reconocible ning\u00fan contenido ilegal en las p\u00e1ginas enlazadas. El autor no tiene influencia alguna sobre el dise\u00f1o actual y futuro, los contenidos o la autor\u00eda de las p\u00e1ginas enlazadas\/vinculadas. Por ello, el autor se distancia expresamente de todos los contenidos de todas las p\u00e1ginas enlazadas que hayan sido modificados despu\u00e9s de la creaci\u00f3n del enlace. Esta declaraci\u00f3n se aplica a todos los enlaces y referencias establecidos dentro de la propia p\u00e1gina web del autor, as\u00ed como a las entradas de terceros en libros de visitas, foros de discusi\u00f3n, foros de ayuda, directorios de enlaces, listas de correo y todas las dem\u00e1s formas de bases de datos creadas por el autor a cuyo contenido sea posible el acceso externo por escrito. La responsabilidad por contenidos ilegales, incorrectos o incompletos y, en particular, por los da\u00f1os derivados del uso o no uso de dicha informaci\u00f3n recae exclusivamente en el proveedor de la p\u00e1gina a la que se hace referencia y no en la persona que remite a la publicaci\u00f3n respectiva a trav\u00e9s de enlaces.<\/span><span style=\"font-weight: 400;\"><br><\/span><span style=\"font-weight: 400;\">En caso de que se pueda acceder a p\u00e1ginas ilegales a trav\u00e9s de los hiperv\u00ednculos, notif\u00edquenoslo a info@@expo24seven.com<\/span><\/li>\n<li><b> Derechos de autor y etiquetado<\/b><span style=\"font-weight: 400;\"><br><\/span><span style=\"font-weight: 400;\">El autor se esfuerza por respetar los derechos de autor de las im\u00e1genes, gr\u00e1ficos, documentos sonoros, secuencias de v\u00eddeo y textos utilizados en todas las publicaciones, por utilizar im\u00e1genes, gr\u00e1ficos, documentos sonoros, secuencias de v\u00eddeo y textos creados por \u00e9l mismo o por hacer uso de gr\u00e1ficos, documentos sonoros, secuencias de v\u00eddeo y textos libres de licencia.<\/span><span style=\"font-weight: 400;\"><br><\/span><span style=\"font-weight: 400;\">Todas las marcas y nombres comerciales mencionados en el sitio web y posiblemente protegidos por terceros est\u00e1n sujetos sin restricciones a las disposiciones de la legislaci\u00f3n aplicable en materia de etiquetado y a los derechos de propiedad de los respectivos propietarios registrados. La mera menci\u00f3n de una marca no implica que no est\u00e9 protegida por derechos de terceros.<\/span><span style=\"font-weight: 400;\"><br><\/span><span style=\"font-weight: 400;\">Los derechos de autor de los objetos publicados creados por el propio autor pertenecen exclusivamente al autor de las p\u00e1ginas. Queda prohibida la reproducci\u00f3n o utilizaci\u00f3n de objetos como diagramas, sonidos o textos en otras publicaciones electr\u00f3nicas o impresas sin el consentimiento del autor.<\/span><\/li>\n<li><b> Protecci\u00f3n de datos<\/b><span style=\"font-weight: 400;\"><br><\/span><span style=\"font-weight: 400;\">Si se ofrece la posibilidad de introducir datos personales o comerciales (direcciones de correo electr\u00f3nico, nombre, direcciones, datos bancarios), la introducci\u00f3n de estos datos se realiza de forma voluntaria. En la medida en que sea t\u00e9cnicamente posible y razonable, tambi\u00e9n se permite el uso de todos los servicios ofrecidos sin introducir dichos datos o introduciendo datos an\u00f3nimos o un seud\u00f3nimo. No est\u00e1 permitido el uso de datos de contacto como direcciones postales, n\u00fameros de tel\u00e9fono y fax y direcciones de correo electr\u00f3nico publicados en el pie de imprenta o informaci\u00f3n comparable por parte de terceros con el fin de enviar informaci\u00f3n que no se haya solicitado expresamente. Nos reservamos expresamente el derecho a emprender acciones legales contra los remitentes de los denominados correos spam en caso de infracci\u00f3n de esta prohibici\u00f3n.<\/span><\/li>\n<li><b> Validez jur\u00eddica de la cl\u00e1usula de exenci\u00f3n de responsabilidad<\/b><span style=\"font-weight: 400;\"><br><\/span><span style=\"font-weight: 400;\">Esta exenci\u00f3n de responsabilidad debe considerarse parte de la publicaci\u00f3n en Internet desde la que se le ha remitido. Si algunas secciones o t\u00e9rminos individuales de esta declaraci\u00f3n no son legales o correctos, el contenido o la validez de las otras partes no se ver\u00e1n afectados por este hecho.<\/span><\/li>\n<li><b> Aviso de Google Analytics<\/b><span style=\"font-weight: 400;\"><br><\/span><span style=\"font-weight: 400;\">Este sitio web utiliza Google Analytics, un servicio de an\u00e1lisis web de Googe Inc. (\"Google\") Google Analytics utiliza las denominadas \"cookies\", archivos de texto que se almacenan en su ordenador y que permiten analizar el uso que usted hace del sitio web. La informaci\u00f3n que genera la cookie acerca de su uso del website (incluyendo su direcci\u00f3n IP) ser\u00e1 directamente transmitida y archivada por Google en los servidores de Estados Unidos. Google usar\u00e1 esta informaci\u00f3n por cuenta nuestra con el prop\u00f3sito de seguir la pista de su uso del website, recopilando informes de la actividad del website y prestando otros servicios relacionados con la actividad del website y el uso de Internet. Google podr\u00e1 transmitir dicha informaci\u00f3n a terceros cuando as\u00ed se lo requiera la legislaci\u00f3n, o cuando dichos terceros procesen la informaci\u00f3n por cuenta de Google. Google no asociar\u00e1 su direcci\u00f3n IP con ning\u00fan otro dato del que disponga Google. Puede Usted rechazar el tratamiento de los datos o la informaci\u00f3n rechazando el uso de cookies mediante la selecci\u00f3n de la configuraci\u00f3n apropiada de su navegador, sin embargo, debe Usted saber que si lo hace puede ser que no pueda usar la plena funcionabilidad de este website. Al utilizar este website Usted consiente el tratamiento de informaci\u00f3n acerca de Usted por Google en la forma y para los fines arriba indicados.<\/span><\/li>\n<li><b> Ninguna responsabilidad<\/b><span style=\"font-weight: 400;\"><br><\/span><span style=\"font-weight: 400;\">No se garantiza la integridad, actualidad, calidad y exactitud de la informaci\u00f3n aqu\u00ed facilitada. No se aceptar\u00e1 responsabilidad alguna por los da\u00f1os causados por la confianza depositada en el contenido de este sitio web o su uso. Un equipo de moderadores revisa peri\u00f3dicamente los mensajes del foro. Sin embargo, una revisi\u00f3n completa y sin fisuras no siempre es posible y no est\u00e1 prevista por la ley, por lo que debe tenerse especialmente en cuenta el siguiente punto en este contexto.<\/span><\/li>\n<li><span style=\"background-color: ; color: var(--uicore-typography--p-c,&quot;#070707&quot;); font-family: var(--uicore-typography--p-f,&quot;Inter&quot;); font-size: inherit; font-style: var(--uicore-typography--p-st,&quot;normal&quot;); letter-spacing: var(--uicore-typography--p-ls,&quot;-0.027em&quot;); text-transform: var(--uicore-typography--p-t,&quot;none&quot;);\"><b>Vulneraci\u00f3n de los derechos de propiedad<br><\/b><\/span>Si sospecha que este sitio web ha infringido alguno de sus derechos de propiedad, inf\u00f3rmenos inmediatamente por correo electr\u00f3nico para que podamos tomar r\u00e1pidamente las medidas oportunas. Tenga en cuenta que la intervenci\u00f3n de un abogado, que requiere m\u00e1s tiempo, para emitir un aviso de advertencia a expensas del operador del sitio web no se corresponde con la intenci\u00f3n real o presunta de este \u00faltimo.<\/li>\n<\/ol>\t\t\t\t\t\t\t\t<\/div>\n\t\t\t\t\t<\/div>\n\t\t<\/div>\n\t\t\t\t\t<\/div>\n\t\t<\/section>\n\t\t\t\t<\/div>","protected":false},"excerpt":{"rendered":"<p>Este sitio es un proyecto de: X24seven FZCOSilicon OasisIFZA Business Park A2342001 Dubai V.A.E.hello@green-bitcoin.farm Responsable del contenido de este sitio: X24seven FZCO [...]<\/p>","protected":false},"author":1,"featured_media":0,"parent":0,"menu_order":0,"comment_status":"closed","ping_status":"closed","template":"","meta":{"footnotes":""},"class_list":["post-111","page","type-page","status-publish","hentry"],"_links":{"self":[{"href":"https:\/\/green-bitcoin.farm\/es\/wp-json\/wp\/v2\/pages\/111","targetHints":{"allow":["GET"]}}],"collection":[{"href":"https:\/\/green-bitcoin.farm\/es\/wp-json\/wp\/v2\/pages"}],"about":[{"href":"https:\/\/green-bitcoin.farm\/es\/wp-json\/wp\/v2\/types\/page"}],"author":[{"embeddable":true,"href":"https:\/\/green-bitcoin.farm\/es\/wp-json\/wp\/v2\/users\/1"}],"replies":[{"embeddable":true,"href":"https:\/\/green-bitcoin.farm\/es\/wp-json\/wp\/v2\/comments?post=111"}],"version-history":[{"count":13,"href":"https:\/\/green-bitcoin.farm\/es\/wp-json\/wp\/v2\/pages\/111\/revisions"}],"predecessor-version":[{"id":518,"href":"https:\/\/green-bitcoin.farm\/es\/wp-json\/wp\/v2\/pages\/111\/revisions\/518"}],"wp:attachment":[{"href":"https:\/\/green-bitcoin.farm\/es\/wp-json\/wp\/v2\/media?parent=111"}],"curies":[{"name":"wp","href":"https:\/\/api.w.org\/{rel}","templated":true}]}}