{"id":131,"date":"2023-06-03T10:20:05","date_gmt":"2023-06-03T10:20:05","guid":{"rendered":"https:\/\/green-bitcoin.farm\/?page_id=131"},"modified":"2023-11-13T18:24:57","modified_gmt":"2023-11-13T18:24:57","slug":"news","status":"publish","type":"page","link":"https:\/\/green-bitcoin.farm\/es\/news\/","title":{"rendered":"Noticias"},"content":{"rendered":"<div data-elementor-type=\"wp-page\" data-elementor-id=\"131\" class=\"elementor elementor-131\" data-elementor-settings=\"{&quot;element_pack_global_tooltip_width&quot;:{&quot;unit&quot;:&quot;px&quot;,&quot;size&quot;:&quot;&quot;,&quot;sizes&quot;:[]},&quot;element_pack_global_tooltip_width_tablet&quot;:{&quot;unit&quot;:&quot;px&quot;,&quot;size&quot;:&quot;&quot;,&quot;sizes&quot;:[]},&quot;element_pack_global_tooltip_width_mobile&quot;:{&quot;unit&quot;:&quot;px&quot;,&quot;size&quot;:&quot;&quot;,&quot;sizes&quot;:[]},&quot;element_pack_global_tooltip_padding&quot;:{&quot;unit&quot;:&quot;px&quot;,&quot;top&quot;:&quot;&quot;,&quot;right&quot;:&quot;&quot;,&quot;bottom&quot;:&quot;&quot;,&quot;left&quot;:&quot;&quot;,&quot;isLinked&quot;:true},&quot;element_pack_global_tooltip_padding_tablet&quot;:{&quot;unit&quot;:&quot;px&quot;,&quot;top&quot;:&quot;&quot;,&quot;right&quot;:&quot;&quot;,&quot;bottom&quot;:&quot;&quot;,&quot;left&quot;:&quot;&quot;,&quot;isLinked&quot;:true},&quot;element_pack_global_tooltip_padding_mobile&quot;:{&quot;unit&quot;:&quot;px&quot;,&quot;top&quot;:&quot;&quot;,&quot;right&quot;:&quot;&quot;,&quot;bottom&quot;:&quot;&quot;,&quot;left&quot;:&quot;&quot;,&quot;isLinked&quot;:true},&quot;element_pack_global_tooltip_border_radius&quot;:{&quot;unit&quot;:&quot;px&quot;,&quot;top&quot;:&quot;&quot;,&quot;right&quot;:&quot;&quot;,&quot;bottom&quot;:&quot;&quot;,&quot;left&quot;:&quot;&quot;,&quot;isLinked&quot;:true},&quot;element_pack_global_tooltip_border_radius_tablet&quot;:{&quot;unit&quot;:&quot;px&quot;,&quot;top&quot;:&quot;&quot;,&quot;right&quot;:&quot;&quot;,&quot;bottom&quot;:&quot;&quot;,&quot;left&quot;:&quot;&quot;,&quot;isLinked&quot;:true},&quot;element_pack_global_tooltip_border_radius_mobile&quot;:{&quot;unit&quot;:&quot;px&quot;,&quot;top&quot;:&quot;&quot;,&quot;right&quot;:&quot;&quot;,&quot;bottom&quot;:&quot;&quot;,&quot;left&quot;:&quot;&quot;,&quot;isLinked&quot;:true}}\" data-elementor-post-type=\"page\">\n\t\t\t\t\t\t<div class=\"elementor-section elementor-top-section elementor-element elementor-element-2421f8f elementor-section-boxed elementor-section-height-default elementor-section-height-default\" data-id=\"2421f8f\" data-element_type=\"section\" data-e-type=\"section\" data-settings=\"{&quot;background_background&quot;:&quot;classic&quot;}\">\n\t\t\t\t\t\t\t<div class=\"elementor-background-overlay\"><\/div>\n\t\t\t\t\t\t\t<div class=\"elementor-container elementor-column-gap-no\">\n\t\t\t\t\t<div class=\"elementor-column elementor-col-100 elementor-top-column elementor-element elementor-element-321ecfe\" data-id=\"321ecfe\" data-element_type=\"column\" data-e-type=\"column\" data-settings=\"{&quot;background_background&quot;:&quot;classic&quot;}\">\n\t\t\t<div class=\"elementor-widget-wrap elementor-element-populated\">\n\t\t\t\t\t<div class=\"elementor-background-overlay\"><\/div>\n\t\t\t\t\t\t<div class=\"elementor-element elementor-element-2646206 elementor-widget elementor-widget-heading\" data-id=\"2646206\" data-element_type=\"widget\" data-e-type=\"widget\" data-widget_type=\"heading.default\">\n\t\t\t\t\t<h2 class=\"elementor-heading-title elementor-size-default\">Nuestras \u00faltimas NOTICIAS<\/h2>\t\t\t\t<\/div>\n\t\t\t\t\t<\/div>\n\t\t<\/div>\n\t\t\t\t\t<\/div>\n\t\t<\/div>\n\t\t\t\t<div class=\"elementor-section elementor-top-section elementor-element elementor-element-ea21a95 elementor-section-boxed elementor-section-height-default elementor-section-height-default\" data-id=\"ea21a95\" data-element_type=\"section\" data-e-type=\"section\" data-settings=\"{&quot;background_background&quot;:&quot;classic&quot;}\">\n\t\t\t\t\t\t<div class=\"elementor-container elementor-column-gap-default\">\n\t\t\t\t\t<div class=\"elementor-column elementor-col-100 elementor-top-column elementor-element elementor-element-2ec6d26\" data-id=\"2ec6d26\" data-element_type=\"column\" data-e-type=\"column\" data-settings=\"{&quot;background_background&quot;:&quot;classic&quot;}\">\n\t\t\t<div class=\"elementor-widget-wrap elementor-element-populated\">\n\t\t\t\t\t\t<div class=\"elementor-element elementor-element-66973e0 elementor-grid-3 elementor-grid-tablet-2 elementor-grid-mobile-1 elementor-posts--thumbnail-top elementor-card-shadow-yes elementor-posts__hover-gradient load-more-align-center elementor-widget elementor-widget-posts\" data-id=\"66973e0\" data-element_type=\"widget\" data-e-type=\"widget\" data-settings=\"{&quot;pagination_type&quot;:&quot;load_more_on_click&quot;,&quot;cards_columns&quot;:&quot;3&quot;,&quot;cards_columns_tablet&quot;:&quot;2&quot;,&quot;cards_columns_mobile&quot;:&quot;1&quot;,&quot;cards_row_gap&quot;:{&quot;unit&quot;:&quot;px&quot;,&quot;size&quot;:35,&quot;sizes&quot;:[]},&quot;cards_row_gap_tablet&quot;:{&quot;unit&quot;:&quot;px&quot;,&quot;size&quot;:&quot;&quot;,&quot;sizes&quot;:[]},&quot;cards_row_gap_mobile&quot;:{&quot;unit&quot;:&quot;px&quot;,&quot;size&quot;:&quot;&quot;,&quot;sizes&quot;:[]},&quot;load_more_spinner&quot;:{&quot;value&quot;:&quot;fas fa-spinner&quot;,&quot;library&quot;:&quot;fa-solid&quot;}}\" data-widget_type=\"posts.cards\">\n\t\t\t\t<div class=\"elementor-widget-container\">\n\t\t\t\t\t\t\t<div class=\"elementor-posts-container elementor-posts elementor-posts--skin-cards elementor-grid\" role=\"list\">\n\t\t\t\t<article class=\"elementor-post elementor-grid-item post-682 post type-post status-publish format-standard has-post-thumbnail hentry category-miner\" role=\"listitem\">\n\t\t\t<div class=\"elementor-post__card\">\n\t\t\t\t<a class=\"elementor-post__thumbnail__link\" href=\"https:\/\/green-bitcoin.farm\/es\/canaan-avalon-q-online-bestellen\/\" tabindex=\"-1\"><div class=\"elementor-post__thumbnail\"><img fetchpriority=\"high\" decoding=\"async\" width=\"615\" height=\"555\" src=\"https:\/\/green-bitcoin.farm\/wp-content\/uploads\/2025\/07\/Canaan-Avalon-Q-Bitcoin-Miner.png\" class=\"attachment-full size-full wp-image-688\" alt=\"Frontansicht des Avalon Q mit Erkl\u00e4rung der Anzeigen\" srcset=\"https:\/\/green-bitcoin.farm\/wp-content\/uploads\/2025\/07\/Canaan-Avalon-Q-Bitcoin-Miner.png 615w, https:\/\/green-bitcoin.farm\/wp-content\/uploads\/2025\/07\/Canaan-Avalon-Q-Bitcoin-Miner-300x271.png 300w, https:\/\/green-bitcoin.farm\/wp-content\/uploads\/2025\/07\/Canaan-Avalon-Q-Bitcoin-Miner-13x12.png 13w\" sizes=\"(max-width: 615px) 100vw, 615px\" \/><\/div><\/a>\n\t\t\t\t<div class=\"elementor-post__text\">\n\t\t\t\t<h3 class=\"elementor-post__title\">\n\t\t\t<a href=\"https:\/\/green-bitcoin.farm\/es\/canaan-avalon-q-online-bestellen\/\">\n\t\t\t\tPedir Canaan Avalon Q en l\u00ednea - 100 euros de descuento\t\t\t<\/a>\n\t\t<\/h3>\n\t\t\t\t<div class=\"elementor-post__excerpt\">\n\t\t\t<p>Avalon Q de Canaan se present\u00f3 en Mining Disrupt 2025 en marzo de 2025 y pretende llevar la miner\u00eda profesional a los hogares.<\/p>\n\t\t<\/div>\n\t\t\n\t\t<a class=\"elementor-post__read-more\" href=\"https:\/\/green-bitcoin.farm\/es\/canaan-avalon-q-online-bestellen\/\" aria-label=\"M\u00e1s informaci\u00f3n sobre Canaan Avalon Q order online - 100 Euro discount\" tabindex=\"-1\">\n\t\t\t Leer m\u00e1s\"\t\t<\/a>\n\n\t\t\t\t<\/div>\n\t\t\t\t\t<\/div>\n\t\t<\/article>\n\t\t\t\t<article class=\"elementor-post elementor-grid-item post-655 post type-post status-publish format-standard has-post-thumbnail hentry category-teneriffa category-landwirtschaft tag-agri-pv tag-ananas tag-bio tag-photovoltaik tag-solarmodule tag-teneriffa\" role=\"listitem\">\n\t\t\t<div class=\"elementor-post__card\">\n\t\t\t\t<a class=\"elementor-post__thumbnail__link\" href=\"https:\/\/green-bitcoin.farm\/es\/ananas-solarmodule\/\" tabindex=\"-1\"><div class=\"elementor-post__thumbnail\"><img decoding=\"async\" width=\"1536\" height=\"1024\" src=\"https:\/\/green-bitcoin.farm\/wp-content\/uploads\/2025\/04\/75CAAE83-8508-4215-984D-AA703BC3353A.png\" class=\"attachment-full size-full wp-image-672\" alt=\"\" srcset=\"https:\/\/green-bitcoin.farm\/wp-content\/uploads\/2025\/04\/75CAAE83-8508-4215-984D-AA703BC3353A.png 1536w, https:\/\/green-bitcoin.farm\/wp-content\/uploads\/2025\/04\/75CAAE83-8508-4215-984D-AA703BC3353A-300x200.png 300w, https:\/\/green-bitcoin.farm\/wp-content\/uploads\/2025\/04\/75CAAE83-8508-4215-984D-AA703BC3353A-1024x683.png 1024w, https:\/\/green-bitcoin.farm\/wp-content\/uploads\/2025\/04\/75CAAE83-8508-4215-984D-AA703BC3353A-768x512.png 768w, https:\/\/green-bitcoin.farm\/wp-content\/uploads\/2025\/04\/75CAAE83-8508-4215-984D-AA703BC3353A-18x12.png 18w, https:\/\/green-bitcoin.farm\/wp-content\/uploads\/2025\/04\/75CAAE83-8508-4215-984D-AA703BC3353A-650x433.png 650w\" sizes=\"(max-width: 1536px) 100vw, 1536px\" \/><\/div><\/a>\n\t\t\t\t<div class=\"elementor-post__text\">\n\t\t\t\t<h3 class=\"elementor-post__title\">\n\t\t\t<a href=\"https:\/\/green-bitcoin.farm\/es\/ananas-solarmodule\/\">\n\t\t\t\tPi\u00f1as bajo paneles solares - C\u00f3mo nos replanteamos la agricultura en Tenerife\t\t\t<\/a>\n\t\t<\/h3>\n\t\t\t\t<div class=\"elementor-post__excerpt\">\n\t\t\t<p>El futuro de la agricultura es inteligente, regenerativo y eficiente. Esto es exactamente lo que queremos hacer realidad en Tenerife - con el cultivo de pi\u00f1as<\/p>\n\t\t<\/div>\n\t\t\n\t\t<a class=\"elementor-post__read-more\" href=\"https:\/\/green-bitcoin.farm\/es\/ananas-solarmodule\/\" aria-label=\"M\u00e1s informaci\u00f3n sobre Pi\u00f1as bajo paneles solares - C\u00f3mo estamos repensando la agricultura en Tenerife\" tabindex=\"-1\">\n\t\t\t Leer m\u00e1s\"\t\t<\/a>\n\n\t\t\t\t<\/div>\n\t\t\t\t\t<\/div>\n\t\t<\/article>\n\t\t\t\t<article class=\"elementor-post elementor-grid-item post-643 post type-post status-publish format-standard has-post-thumbnail hentry category-bitcoin-insel category-teneriffa tag-agri-pv tag-bitcoin tag-photovoltaik tag-solarstrom tag-teneriffa\" role=\"listitem\">\n\t\t\t<div class=\"elementor-post__card\">\n\t\t\t\t<a class=\"elementor-post__thumbnail__link\" href=\"https:\/\/green-bitcoin.farm\/es\/solarenergie-und-bitcoin-auf-teneriffa-die-rechtliche-lage-fuer-landwirte\/\" tabindex=\"-1\"><div class=\"elementor-post__thumbnail\"><img decoding=\"async\" width=\"1024\" height=\"1024\" src=\"https:\/\/green-bitcoin.farm\/wp-content\/uploads\/2025\/03\/Agri-Photovoltaik-und-Bitcoin-auf-Teneriffa.png\" class=\"attachment-full size-full wp-image-644\" alt=\"Acker mit PV Modulen auf Teneriffa - Strom Nutzung f\u00fcr die Bitcoin Blockchain\" srcset=\"https:\/\/green-bitcoin.farm\/wp-content\/uploads\/2025\/03\/Agri-Photovoltaik-und-Bitcoin-auf-Teneriffa.png 1024w, https:\/\/green-bitcoin.farm\/wp-content\/uploads\/2025\/03\/Agri-Photovoltaik-und-Bitcoin-auf-Teneriffa-300x300.png 300w, https:\/\/green-bitcoin.farm\/wp-content\/uploads\/2025\/03\/Agri-Photovoltaik-und-Bitcoin-auf-Teneriffa-150x150.png 150w, https:\/\/green-bitcoin.farm\/wp-content\/uploads\/2025\/03\/Agri-Photovoltaik-und-Bitcoin-auf-Teneriffa-768x768.png 768w, https:\/\/green-bitcoin.farm\/wp-content\/uploads\/2025\/03\/Agri-Photovoltaik-und-Bitcoin-auf-Teneriffa-12x12.png 12w, https:\/\/green-bitcoin.farm\/wp-content\/uploads\/2025\/03\/Agri-Photovoltaik-und-Bitcoin-auf-Teneriffa-650x650.png 650w\" sizes=\"(max-width: 1024px) 100vw, 1024px\" \/><\/div><\/a>\n\t\t\t\t<div class=\"elementor-post__text\">\n\t\t\t\t<h3 class=\"elementor-post__title\">\n\t\t\t<a href=\"https:\/\/green-bitcoin.farm\/es\/solarenergie-und-bitcoin-auf-teneriffa-die-rechtliche-lage-fuer-landwirte\/\">\n\t\t\t\tEnerg\u00eda solar y Bitcoin en Tenerife: situaci\u00f3n legal para los agricultores\t\t\t<\/a>\n\t\t<\/h3>\n\t\t\t\t<div class=\"elementor-post__excerpt\">\n\t\t\t<p>Tenerife, la perla de las Islas Canarias ba\u00f1ada por el sol, no es s\u00f3lo un sue\u00f1o para los agricultores y los amantes de la naturaleza.<\/p>\n\t\t<\/div>\n\t\t\n\t\t<a class=\"elementor-post__read-more\" href=\"https:\/\/green-bitcoin.farm\/es\/solarenergie-und-bitcoin-auf-teneriffa-die-rechtliche-lage-fuer-landwirte\/\" aria-label=\"M\u00e1s informaci\u00f3n sobre Energ\u00eda solar y Bitcoin en Tenerife - la situaci\u00f3n legal para los agricultores\" tabindex=\"-1\">\n\t\t\t Leer m\u00e1s\"\t\t<\/a>\n\n\t\t\t\t<\/div>\n\t\t\t\t\t<\/div>\n\t\t<\/article>\n\t\t\t\t<article class=\"elementor-post elementor-grid-item post-635 post type-post status-publish format-standard has-post-thumbnail hentry category-futtermittel category-hydroponik tag-weizengras\" role=\"listitem\">\n\t\t\t<div class=\"elementor-post__card\">\n\t\t\t\t<a class=\"elementor-post__thumbnail__link\" href=\"https:\/\/green-bitcoin.farm\/es\/weizengras-fuer-die-kanaren\/\" tabindex=\"-1\"><div class=\"elementor-post__thumbnail\"><img loading=\"lazy\" decoding=\"async\" width=\"1024\" height=\"1024\" src=\"https:\/\/green-bitcoin.farm\/wp-content\/uploads\/2025\/03\/55B8AC68-D230-4181-8614-2E08DF915471.webp\" class=\"attachment-full size-full wp-image-636\" alt=\"\" srcset=\"https:\/\/green-bitcoin.farm\/wp-content\/uploads\/2025\/03\/55B8AC68-D230-4181-8614-2E08DF915471.webp 1024w, https:\/\/green-bitcoin.farm\/wp-content\/uploads\/2025\/03\/55B8AC68-D230-4181-8614-2E08DF915471-300x300.webp 300w, https:\/\/green-bitcoin.farm\/wp-content\/uploads\/2025\/03\/55B8AC68-D230-4181-8614-2E08DF915471-150x150.webp 150w, https:\/\/green-bitcoin.farm\/wp-content\/uploads\/2025\/03\/55B8AC68-D230-4181-8614-2E08DF915471-768x768.webp 768w, https:\/\/green-bitcoin.farm\/wp-content\/uploads\/2025\/03\/55B8AC68-D230-4181-8614-2E08DF915471-12x12.webp 12w, https:\/\/green-bitcoin.farm\/wp-content\/uploads\/2025\/03\/55B8AC68-D230-4181-8614-2E08DF915471-650x650.webp 650w\" sizes=\"(max-width: 1024px) 100vw, 1024px\" \/><\/div><\/a>\n\t\t\t\t<div class=\"elementor-post__text\">\n\t\t\t\t<h3 class=\"elementor-post__title\">\n\t\t\t<a href=\"https:\/\/green-bitcoin.farm\/es\/weizengras-fuer-die-kanaren\/\">\n\t\t\t\tHierba de trigo para las Islas Canarias\t\t\t<\/a>\n\t\t<\/h3>\n\t\t\t\t<div class=\"elementor-post__excerpt\">\n\t\t\t<p>Cultivo sostenible de pasto agropiro con hidropon\u00eda como alimento animal en las Islas Canarias Debido a sus limitadas tierras cultivables y a su clima seco, las Islas Canarias han<\/p>\n\t\t<\/div>\n\t\t\n\t\t<a class=\"elementor-post__read-more\" href=\"https:\/\/green-bitcoin.farm\/es\/weizengras-fuer-die-kanaren\/\" aria-label=\"M\u00e1s informaci\u00f3n sobre hierba de trigo para las Islas Canarias\" tabindex=\"-1\">\n\t\t\t Leer m\u00e1s\"\t\t<\/a>\n\n\t\t\t\t<\/div>\n\t\t\t\t\t<\/div>\n\t\t<\/article>\n\t\t\t\t<article class=\"elementor-post elementor-grid-item post-603 post type-post status-publish format-standard has-post-thumbnail hentry category-news tag-agri-pv tag-farm tag-landwirtschaft tag-pv tag-solarstrom tag-teneriffa\" role=\"listitem\">\n\t\t\t<div class=\"elementor-post__card\">\n\t\t\t\t<a class=\"elementor-post__thumbnail__link\" href=\"https:\/\/green-bitcoin.farm\/es\/zukunft-der-landwirtschaft-kanaren\/\" tabindex=\"-1\"><div class=\"elementor-post__thumbnail\"><img loading=\"lazy\" decoding=\"async\" width=\"1024\" height=\"1024\" src=\"https:\/\/green-bitcoin.farm\/wp-content\/uploads\/2025\/03\/Agri-Photovoltaik-Teneriffa-Green-Bitcoin-Farm.png\" class=\"attachment-full size-full wp-image-608\" alt=\"Landwirtschaft auf Teneriffa mit Photovoltaik, Wind und Hydroponik\" srcset=\"https:\/\/green-bitcoin.farm\/wp-content\/uploads\/2025\/03\/Agri-Photovoltaik-Teneriffa-Green-Bitcoin-Farm.png 1024w, https:\/\/green-bitcoin.farm\/wp-content\/uploads\/2025\/03\/Agri-Photovoltaik-Teneriffa-Green-Bitcoin-Farm-300x300.png 300w, https:\/\/green-bitcoin.farm\/wp-content\/uploads\/2025\/03\/Agri-Photovoltaik-Teneriffa-Green-Bitcoin-Farm-150x150.png 150w, https:\/\/green-bitcoin.farm\/wp-content\/uploads\/2025\/03\/Agri-Photovoltaik-Teneriffa-Green-Bitcoin-Farm-768x768.png 768w, https:\/\/green-bitcoin.farm\/wp-content\/uploads\/2025\/03\/Agri-Photovoltaik-Teneriffa-Green-Bitcoin-Farm-12x12.png 12w, https:\/\/green-bitcoin.farm\/wp-content\/uploads\/2025\/03\/Agri-Photovoltaik-Teneriffa-Green-Bitcoin-Farm-650x650.png 650w\" sizes=\"(max-width: 1024px) 100vw, 1024px\" \/><\/div><\/a>\n\t\t\t\t<div class=\"elementor-post__text\">\n\t\t\t\t<h3 class=\"elementor-post__title\">\n\t\t\t<a href=\"https:\/\/green-bitcoin.farm\/es\/zukunft-der-landwirtschaft-kanaren\/\">\n\t\t\t\tUna oportunidad para la agricultura canaria\t\t\t<\/a>\n\t\t<\/h3>\n\t\t\t\t<div class=\"elementor-post__excerpt\">\n\t\t\t<p>La oportunidad de la agricultura en las Islas Canarias Las Islas Canarias s\u00f3lo disponen de una superficie agr\u00edcola limitada, que no puede ampliarse m\u00e1s.<\/p>\n\t\t<\/div>\n\t\t\n\t\t<a class=\"elementor-post__read-more\" href=\"https:\/\/green-bitcoin.farm\/es\/zukunft-der-landwirtschaft-kanaren\/\" aria-label=\"M\u00e1s informaci\u00f3n sobre Una oportunidad para la agricultura canaria\" tabindex=\"-1\">\n\t\t\t Leer m\u00e1s\"\t\t<\/a>\n\n\t\t\t\t<\/div>\n\t\t\t\t\t<\/div>\n\t\t<\/article>\n\t\t\t\t<article class=\"elementor-post elementor-grid-item post-554 post type-post status-publish format-standard has-post-thumbnail hentry category-news category-f1-finca tag-atogo tag-f1 tag-ferienhaus tag-ferienwohnung tag-finca tag-formel-1 tag-mieten tag-teneriffa\" role=\"listitem\">\n\t\t\t<div class=\"elementor-post__card\">\n\t\t\t\t<a class=\"elementor-post__thumbnail__link\" href=\"https:\/\/green-bitcoin.farm\/es\/ferienhaus-finca-formel-1-teneriffa\/\" tabindex=\"-1\"><div class=\"elementor-post__thumbnail\"><img loading=\"lazy\" decoding=\"async\" width=\"2560\" height=\"1440\" src=\"https:\/\/green-bitcoin.farm\/wp-content\/uploads\/2024\/05\/IMG_4397.jpeg\" class=\"attachment-full size-full wp-image-555\" alt=\"\" srcset=\"https:\/\/green-bitcoin.farm\/wp-content\/uploads\/2024\/05\/IMG_4397.jpeg 2560w, https:\/\/green-bitcoin.farm\/wp-content\/uploads\/2024\/05\/IMG_4397-300x169.jpeg 300w, https:\/\/green-bitcoin.farm\/wp-content\/uploads\/2024\/05\/IMG_4397-1024x576.jpeg 1024w, https:\/\/green-bitcoin.farm\/wp-content\/uploads\/2024\/05\/IMG_4397-768x432.jpeg 768w, https:\/\/green-bitcoin.farm\/wp-content\/uploads\/2024\/05\/IMG_4397-1536x864.jpeg 1536w, https:\/\/green-bitcoin.farm\/wp-content\/uploads\/2024\/05\/IMG_4397-2048x1152.jpeg 2048w, https:\/\/green-bitcoin.farm\/wp-content\/uploads\/2024\/05\/IMG_4397-18x10.jpeg 18w, https:\/\/green-bitcoin.farm\/wp-content\/uploads\/2024\/05\/IMG_4397-650x366.jpeg 650w\" sizes=\"(max-width: 2560px) 100vw, 2560px\" \/><\/div><\/a>\n\t\t\t\t<div class=\"elementor-post__text\">\n\t\t\t\t<h3 class=\"elementor-post__title\">\n\t\t\t<a href=\"https:\/\/green-bitcoin.farm\/es\/ferienhaus-finca-formel-1-teneriffa\/\">\n\t\t\t\tCasa de vacaciones Finca Nakamoto Formula 1 Tenerife\t\t\t<\/a>\n\t\t<\/h3>\n\t\t\t\t<div class=\"elementor-post__excerpt\">\n\t\t\t<p>En la b\u00fasqueda de la parcela perfecta para nuestra Finca Nakamoto en Tenerife, la proximidad a la nueva F\u00f3rmula 1 es cada vez m\u00e1s importante.<\/p>\n\t\t<\/div>\n\t\t\n\t\t<a class=\"elementor-post__read-more\" href=\"https:\/\/green-bitcoin.farm\/es\/ferienhaus-finca-formel-1-teneriffa\/\" aria-label=\"M\u00e1s informaci\u00f3n sobre Casa de vacaciones Finca Nakamoto Formula 1 Tenerife\" tabindex=\"-1\">\n\t\t\t Leer m\u00e1s\"\t\t<\/a>\n\n\t\t\t\t<\/div>\n\t\t\t\t\t<\/div>\n\t\t<\/article>\n\t\t\t\t<\/div>\n\t\t\t\t\t<span class=\"e-load-more-spinner\">\n\t\t\t\t<i aria-hidden=\"true\" class=\"fas fa-spinner\"><\/i>\t\t\t<\/span>\n\t\t\n\t\t\t\t<div class=\"e-load-more-anchor\" data-page=\"1\" data-max-page=\"3\" data-next-page=\"https:\/\/green-bitcoin.farm\/es\/wp-json\/wp\/v2\/pages\/131\/page\/2\/\"><\/div>\n\t\t\t\t<div class=\"elementor-button-wrapper\">\n\t\t\t<a class=\"elementor-button elementor-size-sm\" role=\"button\">\n\t\t\t\t\t\t<span class=\"elementor-button-content-wrapper\">\n\t\t\t\t\t\t\t\t\t<span class=\"elementor-button-text\">M\u00e1s informaci\u00f3n<\/span>\n\t\t\t\t\t<\/span>\n\t\t\t\t\t<\/a>\n\t\t<\/div>\n\t\t\t\t<div class=\"e-load-more-message\"><\/div>\n\t\t\t\t\t\t<\/div>\n\t\t\t\t<\/div>\n\t\t\t\t\t<\/div>\n\t\t<\/div>\n\t\t\t\t\t<\/div>\n\t\t<\/div>\n\t\t\t\t<\/div>","protected":false},"excerpt":{"rendered":"<p>Nuestras \u00faltimas NOTICIAS<\/p>","protected":false},"author":1,"featured_media":0,"parent":0,"menu_order":0,"comment_status":"closed","ping_status":"closed","template":"","meta":{"footnotes":""},"class_list":["post-131","page","type-page","status-publish","hentry"],"_links":{"self":[{"href":"https:\/\/green-bitcoin.farm\/es\/wp-json\/wp\/v2\/pages\/131","targetHints":{"allow":["GET"]}}],"collection":[{"href":"https:\/\/green-bitcoin.farm\/es\/wp-json\/wp\/v2\/pages"}],"about":[{"href":"https:\/\/green-bitcoin.farm\/es\/wp-json\/wp\/v2\/types\/page"}],"author":[{"embeddable":true,"href":"https:\/\/green-bitcoin.farm\/es\/wp-json\/wp\/v2\/users\/1"}],"replies":[{"embeddable":true,"href":"https:\/\/green-bitcoin.farm\/es\/wp-json\/wp\/v2\/comments?post=131"}],"version-history":[{"count":21,"href":"https:\/\/green-bitcoin.farm\/es\/wp-json\/wp\/v2\/pages\/131\/revisions"}],"predecessor-version":[{"id":435,"href":"https:\/\/green-bitcoin.farm\/es\/wp-json\/wp\/v2\/pages\/131\/revisions\/435"}],"wp:attachment":[{"href":"https:\/\/green-bitcoin.farm\/es\/wp-json\/wp\/v2\/media?parent=131"}],"curies":[{"name":"wp","href":"https:\/\/api.w.org\/{rel}","templated":true}]}}